{"id":5766,"date":"2019-04-08T14:45:17","date_gmt":"2019-04-08T12:45:17","guid":{"rendered":"https:\/\/filmgotland.se\/?page_id=5766"},"modified":"2020-11-25T10:40:14","modified_gmt":"2020-11-25T09:40:14","slug":"experience","status":"publish","type":"page","link":"https:\/\/filmgotland.se\/en\/experience\/","title":{"rendered":"Experience"},"content":{"rendered":"<\/div><\/div><\/div><!-- close content main div --><\/div><\/div><div id='full_slider_1' class='avia-fullwidth-slider main_color avia-shadow    container_wrap fullsize'   ><div  data-size='featured'  data-lightbox_size='large'  data-animation='slide'  data-conditional_play=''  data-ids='6867'  data-video_counter='0'  data-autoplay='false'  data-bg_slider='false'  data-slide_height=''  data-handle='av_slideshow_full'  data-interval='5'  data-class=' '  data-css_id=''  data-scroll_down=''  data-control_layout='av-control-default'  data-custom_markup=''  data-perma_caption=''  data-autoplay_stopper=''  data-image_attachment=''  data-min_height='0px'  data-src=''  data-position='top left'  data-repeat='no-repeat'  data-attach='scroll'  data-stretch=''  data-default-height='28.666666666667'  class='avia-slideshow avia-slideshow-1  av-control-default av-default-height-applied avia-slideshow-featured av_slideshow_full   avia-slide-slider '  itemprop=\"ImageObject\" itemscope=\"itemscope\" itemtype=\"https:\/\/schema.org\/ImageObject\" ><ul class='avia-slideshow-inner ' style='padding-bottom: 28.666666666667%;' ><li  class=' av-single-slide slide-1 ' ><div data-rel='slideshow-1' class='avia-slide-wrap '   ><img src='https:\/\/filmgotland.se\/wp-content\/uploads\/2020\/11\/bergman-1500x430.png' width='1500' height='430' title='bergman' alt=''  itemprop=\"thumbnailUrl\"   \/><\/div><\/li><\/ul><\/div><\/div>\n<div style='padding-bottom:10px; ' class='av-special-heading av-special-heading-h2  blockquote modern-quote modern-centered   '><h2 class='av-special-heading-tag '  itemprop=\"headline\"  >Bergman fans, movie buffs <span class='special_amp'>&amp;<\/span> Hollywoodstars<\/h2><div class='special-heading-border'><div class='special-heading-inner-border' ><\/div><\/div><\/div>\n<div style='height:1px; margin-top:-20px'  class='hr hr-invisible   '><span class='hr-inner ' ><span class='hr-inner-style'><\/span><\/span><\/div>\n<div class=\"flex_column av_one_fifth  flex_column_div av-zero-column-padding first  \" style='border-radius:0px; '><\/div>\n<div class=\"flex_column av_three_fifth  flex_column_div av-zero-column-padding   \" style='border-radius:0px; '><section class=\"av_textblock_section \"  itemscope=\"itemscope\" itemtype=\"https:\/\/schema.org\/CreativeWork\" ><div class='avia_textblock  '   itemprop=\"text\" ><section class=\"avia_codeblock_section avia_code_block_0\">\n<div class=\"avia_codeblock \">\n<div class=\"n2-section-smartslider fitvidsignore\" role=\"region\" aria-label=\"Slider\">\n<div id=\"n2-ss-10-align\" class=\"n2-ss-align n2-ss-align-visible\">\n<div class=\"n2-padding\">\n<div id=\"n2-ss-10\" class=\"n2-ss-slider n2-ow n2-has-hover n2-ss-load-fade n2-ss-desktopPortrait n2-ss-loaded n2-hover\" data-creator=\"Smart Slider 3\" data-fontsize=\"16\" data-device-mode=\"desktopPortrait\">\n<div class=\"n2-ss-slider-1 n2_ss__touch_element n2-ow\">\n<div class=\"n2-ss-slider-2 n2-ow\">\n<div class=\"n2-ss-slider-3 n2-ow\">\n<div class=\"n2-ss-slide n2-ss-canvas n2-ow n2-ss-slide-34 n2-ss-slide-active\" data-first=\"1\" data-slide-duration=\"0\" data-id=\"34\">\n<div class=\"n2-ss-layers-container n2-ow\">\n<div class=\"n2-ss-layer n2-ow\" data-desktopportraitpadding=\"0|*|0|*|0|*|0\" data-sstype=\"slide\" data-csstextalign=\"center\" data-pm=\"default\">\n<div class=\"n2-ss-layer n2-ow\" data-csstextalign=\"inherit\" data-has-maxwidth=\"1\" data-desktopportraitmaxwidth=\"545\" data-cssselfalign=\"inherit\" data-desktopportraitselfalign=\"inherit\" data-pm=\"default\" data-desktopportraitverticalalign=\"center\" data-desktopportraitpadding=\"45|*|45|*|45|*|40|*|px+\" data-desktopportraitinneralign=\"inherit\" data-tabletportraitinneralign=\"inherit\" data-sstype=\"content\" data-hasbackground=\"0\" data-rotation=\"0\" data-desktopportrait=\"1\" data-desktoplandscape=\"1\" data-tabletportrait=\"1\" data-tabletlandscape=\"1\" data-mobileportrait=\"1\" data-mobilelandscape=\"1\" data-adaptivefont=\"1\" data-desktopportraitfontsize=\"100\" data-plugin=\"rendered\">\n<div class=\"n2-ss-section-main-content n2-ss-layer-content n2-ow\" data-verticalalign=\"center\">\n<div class=\"n2-ss-layer n2-ow\" data-pm=\"normal\" data-desktopportraitmargin=\"0|*|0|*|0|*|0|*|px+\" data-desktopportraitheight=\"0\" data-has-maxwidth=\"0\" data-desktopportraitmaxwidth=\"0\" data-cssselfalign=\"inherit\" data-desktopportraitselfalign=\"inherit\" data-sstype=\"layer\" data-rotation=\"0\" data-desktopportrait=\"1\" data-desktoplandscape=\"1\" data-tabletportrait=\"1\" data-tabletlandscape=\"1\" data-mobileportrait=\"1\" data-mobilelandscape=\"1\" data-adaptivefont=\"1\" data-desktopportraitfontsize=\"100\" data-plugin=\"rendered\">\n<div class=\"n2-ss-item-content n2-ow\">\n<div class=\" n2-ow n2-ow-all\">\n<p class=\"n2-font-3c9112f81a63510e1aa8cde76a4399e8-paragraph n2-ow\" style=\"text-align: center;\"><em><span style=\"font-size: 14pt;\">Var med p\u00e5 en festival! Bes\u00f6k Bergmans inspelningsplatser, se film i en lada, bli medlem i en filmstudio, se p\u00e5 film i badhus eller i Bergmans privata biograf.\u00a0<\/span><\/em><\/p>\n<\/div>\n<\/div>\n<\/div>\n<\/div>\n<\/div>\n<\/div>\n<\/div>\n<\/div>\n<\/div>\n<\/div>\n<\/div>\n<\/div>\n<\/div>\n<\/div>\n<div class=\"n2_clear\"><\/div>\n<\/div>\n<\/div>\n<\/section>\n<div class=\"hr hr-invisible avia-builder-el-2 el_after_av_codeblock el_before_av_one_fourth \"><\/div>\n<\/div><\/section><\/div>\n<div class=\"flex_column av_one_fifth  flex_column_div av-zero-column-padding   \" style='border-radius:0px; '><\/div>\n<div class='flex_column_table av-equal-height-column-flextable -flextable' ><div class=\"flex_column av_one_fourth  no_margin flex_column_table_cell av-equal-height-column av-align-top avia-link-column first   \" style='background: rgba(145,145,145,0.16); padding:0px 15px 0px 15px ; background-color:rgba(145,145,145,0.16); border-radius:0px; ' data-link-column-url=\"https:\/\/filmgotland.se\/en\/experience\/ingmar-bergman\/\" ><a class=\"av-screen-reader-only\" href=https:\/\/filmgotland.se\/en\/experience\/ingmar-bergman\/ >Follow a manual added link<\/a><p><div style='height:70px' class='hr hr-invisible   '><span class='hr-inner ' ><span class='hr-inner-style'><\/span><\/span><\/div><br \/>\n<section class=\"av_textblock_section \"  itemscope=\"itemscope\" itemtype=\"https:\/\/schema.org\/CreativeWork\" ><div class='avia_textblock  '   itemprop=\"text\" ><h1 style=\"text-align: center;\"><span style=\"font-size: 18pt;\">HERITAGE<\/span><\/h1>\n<\/div><\/section><br \/>\n<div style='height:1px; margin-top:-30px'  class='hr hr-invisible   '><span class='hr-inner ' ><span class='hr-inner-style'><\/span><\/span><\/div><br \/>\n<section class=\"av_textblock_section \"  itemscope=\"itemscope\" itemtype=\"https:\/\/schema.org\/CreativeWork\" ><div class='avia_textblock  '   itemprop=\"text\" ><p style=\"text-align: center;\">From Bergman to Miyazaki and beyond!<\/p>\n<\/div><\/section><\/p><\/div><\/div><!--close column table wrapper. Autoclose: 1 --><div class='flex_column_table av-equal-height-column-flextable -flextable' ><div class=\"flex_column av_three_fourth  no_margin flex_column_table_cell av-equal-height-column av-align-top av-zero-column-padding    \" style='border-radius:0px; '><div class='avia-image-container  av-styling-     avia-align-center '  itemprop=\"ImageObject\" itemscope=\"itemscope\" itemtype=\"https:\/\/schema.org\/ImageObject\"  ><div class='avia-image-container-inner'><div class='avia-image-overlay-wrap'><img class='avia_image ' src='https:\/\/filmgotland.se\/wp-content\/uploads\/2020\/11\/persona_long.png' alt='' title='persona_long' height=\"300\"width=\"1125\"  itemprop=\"thumbnailUrl\"  \/><\/div><\/div><\/div><\/div><\/div><!--close column table wrapper. Autoclose: 1 --><\/p>\n<div style='height:10px' class='hr hr-invisible   '><span class='hr-inner ' ><span class='hr-inner-style'><\/span><\/span><\/div>\n<div class='flex_column_table av-equal-height-column-flextable -flextable' ><div class=\"flex_column av_one_fourth  no_margin flex_column_table_cell av-equal-height-column av-align-top avia-link-column first   \" style='background: #424242; padding:0px 15px 0px 15px ; background-color:#424242; border-radius:0px; ' data-link-column-url=\"https:\/\/filmgotland.se\/en\/experience\/films-made-on-gotland\/\" ><a class=\"av-screen-reader-only\" href=https:\/\/filmgotland.se\/en\/experience\/films-made-on-gotland\/ >Follow a manual added link<\/a><p><div style='height:70px' class='hr hr-invisible   '><span class='hr-inner ' ><span class='hr-inner-style'><\/span><\/span><\/div><br \/>\n<section class=\"av_textblock_section \"  itemscope=\"itemscope\" itemtype=\"https:\/\/schema.org\/CreativeWork\" ><div class='avia_textblock  '   itemprop=\"text\" ><h1 style=\"text-align: center;\"><span style=\"font-size: 18pt; color: #ffffff;\">MADE BY GOTLAND<\/span><\/h1>\n<\/div><\/section><br \/>\n<div style='height:1px; margin-top:-30px'  class='hr hr-invisible   '><span class='hr-inner ' ><span class='hr-inner-style'><\/span><\/span><\/div><br \/>\n<section class=\"av_textblock_section \"  itemscope=\"itemscope\" itemtype=\"https:\/\/schema.org\/CreativeWork\" ><div class='avia_textblock  '   itemprop=\"text\" ><p style=\"text-align: center;\"><span style=\"color: #ffffff;\">A film production history that spans from the very beginning and into the future<\/span><\/p>\n<\/div><\/section><\/p><\/div><\/div><!--close column table wrapper. Autoclose: 1 --><div class='flex_column_table av-equal-height-column-flextable -flextable' ><div class=\"flex_column av_three_fourth  no_margin flex_column_table_cell av-equal-height-column av-align-top av-zero-column-padding    \" style='border-radius:0px; '><div class='avia-image-container  av-styling-     avia-align-center '  itemprop=\"ImageObject\" itemscope=\"itemscope\" itemtype=\"https:\/\/schema.org\/ImageObject\"  ><div class='avia-image-container-inner'><div class='avia-image-overlay-wrap'><img class='avia_image ' src='https:\/\/filmgotland.se\/wp-content\/uploads\/2020\/11\/aniara.png' alt='' title='aniara' height=\"300\"width=\"1125\"  itemprop=\"thumbnailUrl\"  \/><\/div><\/div><\/div><\/div><\/div><!--close column table wrapper. Autoclose: 1 --><\/p>\n","protected":false},"excerpt":{"rendered":"","protected":false},"author":2,"featured_media":0,"parent":0,"menu_order":0,"comment_status":"closed","ping_status":"open","template":"","meta":{"footnotes":""},"class_list":["post-5766","page","type-page","status-publish","hentry"],"yoast_head":"<!-- This site is optimized with the Yoast SEO plugin v27.3 - https:\/\/yoast.com\/product\/yoast-seo-wordpress\/ -->\n<title>Experience - Filmgotland.se<\/title>\n<meta name=\"robots\" content=\"index, follow, max-snippet:-1, max-image-preview:large, max-video-preview:-1\" \/>\n<link rel=\"canonical\" href=\"https:\/\/filmgotland.se\/en\/experience\/\" \/>\n<meta property=\"og:locale\" content=\"en_US\" \/>\n<meta property=\"og:type\" content=\"article\" \/>\n<meta property=\"og:title\" content=\"Experience - Filmgotland.se\" \/>\n<meta property=\"og:url\" content=\"https:\/\/filmgotland.se\/en\/experience\/\" \/>\n<meta property=\"og:site_name\" content=\"Filmgotland.se\" \/>\n<meta property=\"article:publisher\" content=\"https:\/\/www.facebook.com\/filmgotland\/\" \/>\n<meta property=\"article:modified_time\" content=\"2020-11-25T09:40:14+00:00\" \/>\n<meta name=\"twitter:card\" content=\"summary_large_image\" \/>\n<meta name=\"twitter:label1\" content=\"Est. reading time\" \/>\n\t<meta name=\"twitter:data1\" content=\"8 minutes\" \/>\n<script type=\"application\/ld+json\" class=\"yoast-schema-graph\">{\"@context\":\"https:\\\/\\\/schema.org\",\"@graph\":[{\"@type\":\"WebPage\",\"@id\":\"https:\\\/\\\/filmgotland.se\\\/en\\\/experience\\\/\",\"url\":\"https:\\\/\\\/filmgotland.se\\\/en\\\/experience\\\/\",\"name\":\"Experience - Filmgotland.se\",\"isPartOf\":{\"@id\":\"https:\\\/\\\/filmgotland.se\\\/#website\"},\"datePublished\":\"2019-04-08T12:45:17+00:00\",\"dateModified\":\"2020-11-25T09:40:14+00:00\",\"breadcrumb\":{\"@id\":\"https:\\\/\\\/filmgotland.se\\\/en\\\/experience\\\/#breadcrumb\"},\"inLanguage\":\"en-US\",\"potentialAction\":[{\"@type\":\"ReadAction\",\"target\":[\"https:\\\/\\\/filmgotland.se\\\/en\\\/experience\\\/\"]}]},{\"@type\":\"BreadcrumbList\",\"@id\":\"https:\\\/\\\/filmgotland.se\\\/en\\\/experience\\\/#breadcrumb\",\"itemListElement\":[{\"@type\":\"ListItem\",\"position\":1,\"name\":\"Hem\",\"item\":\"https:\\\/\\\/filmgotland.se\\\/en\\\/film-gotland-intro\\\/\"},{\"@type\":\"ListItem\",\"position\":2,\"name\":\"Experience\"}]},{\"@type\":\"WebSite\",\"@id\":\"https:\\\/\\\/filmgotland.se\\\/#website\",\"url\":\"https:\\\/\\\/filmgotland.se\\\/\",\"name\":\"Filmgotland.se\",\"description\":\"\",\"potentialAction\":[{\"@type\":\"SearchAction\",\"target\":{\"@type\":\"EntryPoint\",\"urlTemplate\":\"https:\\\/\\\/filmgotland.se\\\/?s={search_term_string}\"},\"query-input\":{\"@type\":\"PropertyValueSpecification\",\"valueRequired\":true,\"valueName\":\"search_term_string\"}}],\"inLanguage\":\"en-US\"}]}<\/script>\n<!-- \/ Yoast SEO plugin. -->","yoast_head_json":{"title":"Experience - Filmgotland.se","robots":{"index":"index","follow":"follow","max-snippet":"max-snippet:-1","max-image-preview":"max-image-preview:large","max-video-preview":"max-video-preview:-1"},"canonical":"https:\/\/filmgotland.se\/en\/experience\/","og_locale":"en_US","og_type":"article","og_title":"Experience - Filmgotland.se","og_url":"https:\/\/filmgotland.se\/en\/experience\/","og_site_name":"Filmgotland.se","article_publisher":"https:\/\/www.facebook.com\/filmgotland\/","article_modified_time":"2020-11-25T09:40:14+00:00","twitter_card":"summary_large_image","twitter_misc":{"Est. reading time":"8 minutes"},"schema":{"@context":"https:\/\/schema.org","@graph":[{"@type":"WebPage","@id":"https:\/\/filmgotland.se\/en\/experience\/","url":"https:\/\/filmgotland.se\/en\/experience\/","name":"Experience - Filmgotland.se","isPartOf":{"@id":"https:\/\/filmgotland.se\/#website"},"datePublished":"2019-04-08T12:45:17+00:00","dateModified":"2020-11-25T09:40:14+00:00","breadcrumb":{"@id":"https:\/\/filmgotland.se\/en\/experience\/#breadcrumb"},"inLanguage":"en-US","potentialAction":[{"@type":"ReadAction","target":["https:\/\/filmgotland.se\/en\/experience\/"]}]},{"@type":"BreadcrumbList","@id":"https:\/\/filmgotland.se\/en\/experience\/#breadcrumb","itemListElement":[{"@type":"ListItem","position":1,"name":"Hem","item":"https:\/\/filmgotland.se\/en\/film-gotland-intro\/"},{"@type":"ListItem","position":2,"name":"Experience"}]},{"@type":"WebSite","@id":"https:\/\/filmgotland.se\/#website","url":"https:\/\/filmgotland.se\/","name":"Filmgotland.se","description":"","potentialAction":[{"@type":"SearchAction","target":{"@type":"EntryPoint","urlTemplate":"https:\/\/filmgotland.se\/?s={search_term_string}"},"query-input":{"@type":"PropertyValueSpecification","valueRequired":true,"valueName":"search_term_string"}}],"inLanguage":"en-US"}]}},"_links":{"self":[{"href":"https:\/\/filmgotland.se\/en\/wp-json\/wp\/v2\/pages\/5766","targetHints":{"allow":["GET"]}}],"collection":[{"href":"https:\/\/filmgotland.se\/en\/wp-json\/wp\/v2\/pages"}],"about":[{"href":"https:\/\/filmgotland.se\/en\/wp-json\/wp\/v2\/types\/page"}],"author":[{"embeddable":true,"href":"https:\/\/filmgotland.se\/en\/wp-json\/wp\/v2\/users\/2"}],"replies":[{"embeddable":true,"href":"https:\/\/filmgotland.se\/en\/wp-json\/wp\/v2\/comments?post=5766"}],"version-history":[{"count":3,"href":"https:\/\/filmgotland.se\/en\/wp-json\/wp\/v2\/pages\/5766\/revisions"}],"predecessor-version":[{"id":7256,"href":"https:\/\/filmgotland.se\/en\/wp-json\/wp\/v2\/pages\/5766\/revisions\/7256"}],"wp:attachment":[{"href":"https:\/\/filmgotland.se\/en\/wp-json\/wp\/v2\/media?parent=5766"}],"curies":[{"name":"wp","href":"https:\/\/api.w.org\/{rel}","templated":true}]}}