{"id":6236,"date":"2019-12-09T13:24:48","date_gmt":"2019-12-09T12:24:48","guid":{"rendered":"https:\/\/filmgotland.se\/?page_id=6236"},"modified":"2019-12-09T13:24:48","modified_gmt":"2019-12-09T12:24:48","slug":"story-i","status":"publish","type":"page","link":"https:\/\/filmgotland.se\/en\/learn\/story-i\/story-i\/","title":{"rendered":"Story I"},"content":{"rendered":"<section class=\"avia_codeblock_section  avia_code_block_0\"  itemscope=\"itemscope\" itemtype=\"https:\/\/schema.org\/CreativeWork\" ><div class='avia_codeblock '  itemprop=\"text\" > [avia_codeblock_placeholder uid=\"0\"] <\/div><\/section>\n<div style='height:45px' class='hr hr-invisible   '><span class='hr-inner ' ><span class='hr-inner-style'><\/span><\/span><\/div>\n<div class=\"flex_column av_one_half  flex_column_div av-zero-column-padding first  \" style='border-radius:0px; '><section class=\"av_textblock_section \"  itemscope=\"itemscope\" itemtype=\"https:\/\/schema.org\/CreativeWork\" ><div class='avia_textblock  '   itemprop=\"text\" ><h2 class=\"font_7\"><span style=\"color: #f16549;\">Story I <\/span><\/h2>\n<p>Ett\u00e5rig grundl\u00e4ggande yrkesutbildning i manus och dramaturgi f\u00f6r dig som vill ta det f\u00f6rsta steget mot en framtid som manusf\u00f6rfattare. Utbildningen erbjuder de absolut mest meriterade l\u00e4rarna och erbjuder teknik f\u00f6r att skriva manus till l\u00e5ngfilm och dramaserier. Story bygger v\u00e4rdefulla yrkesrelationer och ger dig m\u00f6jlighet att delta i produktion av konceptet till en riktig dramaserie. P\u00e5 Story f\u00e5 du m\u00f6jlighet att presentera dina projekt p\u00e5 pitchm\u00f6ten med Sveriges st\u00f6rsta filmbolag. Efter utbildningen har du grundl\u00e4ggande kunskaper i manushantverk. Du \u00e4r \u00e4ven f\u00f6rberedd f\u00f6r vidare studier inom omr\u00e5det.<\/p>\n<\/div><\/section><br \/>\n<div style='height:35px' class='hr hr-invisible   '><span class='hr-inner ' ><span class='hr-inner-style'><\/span><\/span><\/div><br \/>\n<section class=\"av_textblock_section \"  itemscope=\"itemscope\" itemtype=\"https:\/\/schema.org\/CreativeWork\" ><div class='avia_textblock  '   itemprop=\"text\" ><h2 class=\"font_7\"><span style=\"color: #f16549;\">Centralt inneh\u00e5ll<\/span><\/h2>\n<p><strong>Konceptutveckling<\/strong><br \/>\n-Skapa och presentera manuskoncept f\u00f6r spelfilm och dramaserier<br \/>\n-Analysera konceptid\u00e9er och forma tydliga loglines<br \/>\n-Bygg kraftfulla ber\u00e4ttelser med hj\u00e4lp av dramaturger fr\u00e5n Hollywood.<\/p>\n<h4><\/h4>\n<p><strong>Ber\u00e4ttande<\/strong><br \/>\n-Bygg en kraftfull ber\u00e4ttelse med skrivtekniker som utvecklats av Hollywoods fr\u00e4msta dramaturger och som l\u00e4rs ut p\u00e5 USC och UCLA, tv\u00e5 av de b\u00e4sta filmutbildningarna i v\u00e4rlden.<br \/>\n-Skapa teman, levande karakt\u00e4rer och en dramaturgisk struktur som kan ber\u00f6ra en universell publik.<\/p>\n<p><strong>Manusf\u00f6rfattande<\/strong><br \/>\n-Skapa minnesv\u00e4rda, visuellt starka och dramatiska scener.<br \/>\n-Skriv f\u00f6r att n\u00e5 den som ska bed\u00f6ma ditt manus.<br \/>\n-Praktiska tekniker f\u00f6r att bygga ber\u00e4ttelsens olika delar.<\/p>\n<p><strong>Pitch &amp; marknadsf\u00f6ring<\/strong><br \/>\n-Presentations- och argumentationsteknik utvecklad av proffs.<br \/>\n-Feedback fr\u00e5n kurskamrater och verksamma filmproducenter<br \/>\n-Branschens struktur \u2013 hur du bygger dig en plattform som yrkesverksam manusf\u00f6rfattare<br \/>\n-Professionell pitch p\u00e5 svenska och engelska<\/p>\n<\/div><\/section><\/p><\/div>\n<div class=\"flex_column av_one_half  flex_column_div av-zero-column-padding    \" style='border-radius:0px; '><p><div style='height:25px' class='hr hr-invisible   '><span class='hr-inner ' ><span class='hr-inner-style'><\/span><\/span><\/div><br \/>\n<section class=\"av_textblock_section \"  itemscope=\"itemscope\" itemtype=\"https:\/\/schema.org\/CreativeWork\" ><div class='avia_textblock  av_inherit_color '   itemprop=\"text\" ><p><strong>Kursinformation<\/strong><br \/>\nKurstid: 26 aug 2019 \u2013 4 juni 2020<br \/>\nSista ans\u00f6kningsdag: 30 april<br \/>\nStudietakt: 100%<br \/>\nL\u00e4ngd: 1 \u00e5r<br \/>\nStudiest\u00f6dsniv\u00e5:\u00a0gymnasial (A2)<br \/>\nG\u00f6r din ans\u00f6kan<a href=\"https:\/\/sms.schoolsoft.se\/fhsk\/jsp\/LoginApplicant.jsp?application_education_id=3069#\/\"> h\u00e4r.<\/a><\/p>\n<\/div><\/section><br \/>\n<div style='height:50px' class='hr hr-invisible   '><span class='hr-inner ' ><span class='hr-inner-style'><\/span><\/span><\/div><br \/>\n<section class=\"av_textblock_section \"  itemscope=\"itemscope\" itemtype=\"https:\/\/schema.org\/CreativeWork\" ><div class='avia_textblock  '   itemprop=\"text\" ><h3 style=\"text-align: left;\">Under \u00e5ret p\u00e5 Story I f\u00e5r du:<\/h3>\n<p><em>-M\u00f6ta och undervisas av de b\u00e4sta g\u00e4stl\u00e4rarna som branschen har att erbjuda<\/em><br \/>\n<em>-Utveckla dina kunskaper i konceptutveckling<\/em><br \/>\n<em>-Bli en b\u00e4ttre storyteller med hj\u00e4lp av manusf\u00f6rfattare fr\u00e5n Hollywood<\/em><br \/>\n<em>-Tillg\u00e5ng till de b\u00e4sta ber\u00e4ttarverktygen som Hollywood kan erbjuda.<\/em><br \/>\n<em>-Utveckla hur du s\u00e4ljer in dina manus med hj\u00e4lp av professionell pitch<\/em><br \/>\n<em>-L\u00e4ra dig att en bygga plattform som yrkesverksam manusf\u00f6rfattare<\/em><br \/>\n<em>-Pitcha dina id\u00e9er f\u00f6r etablerade producenter<\/em><\/p>\n<\/div><\/section><\/p><\/div>\n<div style='height:50px' class='hr hr-invisible   '><span class='hr-inner ' ><span class='hr-inner-style'><\/span><\/span><\/div>\n<\/div><\/div><\/div><!-- close content main div --><\/div><\/div><div id='av_section_1' class='avia-section main_color avia-section-default avia-no-border-styling avia-bg-style-scroll    container_wrap fullsize' style = 'background-color: rgba(0,0,0,0.06); background-image: '  ><div class='container' ><div class='template-page content  av-content-full alpha units'><div class='post-entry post-entry-type-page post-entry-6236'><div class='entry-content-wrapper clearfix'>\n<div style='padding-bottom:10px; color:#b02b2c;' class='av-special-heading av-special-heading-h2 custom-color-heading blockquote modern-quote modern-centered   '><h2 class='av-special-heading-tag '  itemprop=\"headline\"  >Utbildningarna p\u00e5 Story Academy<\/h2><div class='special-heading-border'><div class='special-heading-inner-border' style='border-color:#b02b2c'><\/div><\/div><\/div>\n<div style='height:1px; margin-top:-35px'  class='hr hr-invisible   '><span class='hr-inner ' ><span class='hr-inner-style'><\/span><\/span><\/div>\n<div style=' margin-top:30px; margin-bottom:30px;'  class='hr hr-custom hr-center hr-icon-yes   '><span class='hr-inner   inner-border-av-border-thin' style=' width:700; border-color:#b02b2c;' ><span class='hr-inner-style'><\/span><\/span><span class='av-seperator-icon'  aria-hidden='true' data-av_icon='\ue808' data-av_iconfont='entypo-fontello'><\/span><span class='hr-inner   inner-border-av-border-thin' style=' width:700; border-color:#b02b2c;' ><span class='hr-inner-style'><\/span><\/span><\/div>\n<div class=\"flex_column av_one_third  flex_column_div av-zero-column-padding first  \" style='border-radius:0px; '><p><div style='padding-bottom:10px; color:#b02b2c;' class='av-special-heading av-special-heading-h2 custom-color-heading blockquote modern-quote modern-centered   '><h2 class='av-special-heading-tag '  itemprop=\"headline\"  >STORY I<\/h2><div class ='av-subheading av-subheading_below av_custom_color ' style='font-size:15px;'><p>Grundutbildning i manus &amp; dramaturgi f\u00f6r kommersiell spelfilm och dramaserier<\/p>\n<\/div><div class='special-heading-border'><div class='special-heading-inner-border' style='border-color:#b02b2c'><\/div><\/div><\/div><br \/>\n<div class='avia-image-container  av-styling-circle     avia-align-center '  itemprop=\"ImageObject\" itemscope=\"itemscope\" itemtype=\"https:\/\/schema.org\/ImageObject\"  ><div class='avia-image-container-inner'><div class='avia-image-overlay-wrap'><a href='https:\/\/filmgotland.se\/lara\/story\/story-i\/' class='avia_image'  ><img class='avia_image ' src='https:\/\/filmgotland.se\/wp-content\/uploads\/2018\/12\/story1-80x80.jpg' alt='' title='story1'  itemprop=\"thumbnailUrl\"  \/><\/a><\/div><\/div><\/div><\/p><\/div><div class=\"flex_column av_one_third  flex_column_div av-zero-column-padding   \" style='border-radius:0px; '><p><div style='padding-bottom:10px; color:#b02b2c;' class='av-special-heading av-special-heading-h2 custom-color-heading blockquote modern-quote modern-centered   '><h2 class='av-special-heading-tag '  itemprop=\"headline\"  >STORY II<\/h2><div class ='av-subheading av-subheading_below av_custom_color ' style='font-size:15px;'><p>P\u00e5byggnadsutbildning i manus &amp; dramaturgi\u00a0f\u00f6r kommersiell spelfilm och dramaserier<\/p>\n<\/div><div class='special-heading-border'><div class='special-heading-inner-border' style='border-color:#b02b2c'><\/div><\/div><\/div><br \/>\n<div class='avia-image-container  av-styling-circle     avia-align-center '  itemprop=\"ImageObject\" itemscope=\"itemscope\" itemtype=\"https:\/\/schema.org\/ImageObject\"  ><div class='avia-image-container-inner'><div class='avia-image-overlay-wrap'><a href='https:\/\/filmgotland.se\/lara\/story\/story-ii\/' class='avia_image'  ><img class='avia_image ' src='https:\/\/filmgotland.se\/wp-content\/uploads\/2019\/01\/daniel2-80x80.jpg' alt='' title='daniel2'  itemprop=\"thumbnailUrl\"  \/><\/a><\/div><\/div><\/div><\/p><\/div><div class=\"flex_column av_one_third  flex_column_div av-zero-column-padding   \" style='border-radius:0px; '><p><div style='padding-bottom:10px; color:#b02b2c;' class='av-special-heading av-special-heading-h2 custom-color-heading blockquote modern-quote modern-centered   '><h2 class='av-special-heading-tag '  itemprop=\"headline\"  >STORY MASTERCLASS<\/h2><div class ='av-subheading av-subheading_below av_custom_color ' style='font-size:15px;'><p>Distansutbildning i manus &amp; dramaturgi f\u00f6r kommersiell spelfilm och dramaserier<\/p>\n<\/div><div class='special-heading-border'><div class='special-heading-inner-border' style='border-color:#b02b2c'><\/div><\/div><\/div><br \/>\n<div class='avia-image-container  av-styling-circle     avia-align-center '  itemprop=\"ImageObject\" itemscope=\"itemscope\" itemtype=\"https:\/\/schema.org\/ImageObject\"  ><div class='avia-image-container-inner'><div class='avia-image-overlay-wrap'><a href='https:\/\/filmgotland.se\/lara\/story\/story-masterclass\/' class='avia_image'  ><img class='avia_image ' src='https:\/\/filmgotland.se\/wp-content\/uploads\/2019\/01\/storyIII-80x80.jpg' alt='' title='storyIII'  itemprop=\"thumbnailUrl\"  \/><\/a><\/div><\/div><\/div><\/p><\/div>\n\n<\/div><\/div><\/div><!-- close content main div --><\/div><\/div><div id='av_section_2' class='avia-section main_color avia-section-no-padding avia-no-border-styling avia-bg-style-scroll    av-minimum-height av-minimum-height-custom container_wrap fullsize' style = 'background-image: '  ><div class='container' style='height:200px'><div class='template-page content  av-content-full alpha units'><div class='post-entry post-entry-type-page post-entry-6236'><div class='entry-content-wrapper clearfix'>\n<div style='height:20px' class='hr hr-invisible   '><span class='hr-inner ' ><span class='hr-inner-style'><\/span><\/span><\/div>\n<div class=\"flex_column av_one_fourth  flex_column_div av-zero-column-padding first   \" style='background: rgba(204,170,167,0.35); background-color:rgba(204,170,167,0.35); border-radius:0px; '><\/div><div class=\"flex_column av_one_fourth  flex_column_div av-zero-column-padding avia-link-column    \" style='border-radius:0px; ' data-link-column-url=\"https:\/\/filmgotland.se\/lara\/story\/story-larare\/\" ><a class=\"av-screen-reader-only\" href=https:\/\/filmgotland.se\/lara\/story\/story-larare\/ >Follow a manual added link<\/a><section class=\"av_textblock_section \"  itemscope=\"itemscope\" itemtype=\"https:\/\/schema.org\/CreativeWork\" ><div class='avia_textblock  '   itemprop=\"text\" ><h3 style=\"text-align: center;\"><span style=\"color: #808080;\">L\u00e4rare<\/span><\/h3>\n<\/div><\/section><br \/>\n<span class=\"av_font_icon avia_animate_when_visible  av-icon-style-  avia-icon-pos-center \" style=\"color:#f16549; border-color:#f16549;\"><span class='av-icon-char' style='font-size:50px;line-height:50px;' aria-hidden='true' data-av_icon='\ue841' data-av_iconfont='entypo-fontello' ><\/span><\/span><\/p><\/div><div class=\"flex_column av_one_fourth  flex_column_div av-zero-column-padding avia-link-column    \" style='border-radius:0px; ' data-link-column-url=\"https:\/\/filmgotland.se\/lara\/story\/story-ansokan\/\" ><a class=\"av-screen-reader-only\" href=https:\/\/filmgotland.se\/lara\/story\/story-ansokan\/ >Follow a manual added link<\/a><section class=\"av_textblock_section \"  itemscope=\"itemscope\" itemtype=\"https:\/\/schema.org\/CreativeWork\" ><div class='avia_textblock  '   itemprop=\"text\" ><h3 style=\"text-align: center;\"><span style=\"color: #808080;\">Ans\u00f6kan<\/span><\/h3>\n<\/div><\/section><br \/>\n<span class=\"av_font_icon avia_animate_when_visible  av-icon-style-  avia-icon-pos-center \" style=\"color:#f16549; border-color:#f16549;\"><span class='av-icon-char' style='font-size:50px;line-height:50px;' aria-hidden='true' data-av_icon='\ue844' data-av_iconfont='entypo-fontello' ><\/span><\/span><\/p><\/div><div class=\"flex_column av_one_fourth  flex_column_div av-zero-column-padding    \" style='background: rgba(204,170,167,0.35); background-color:rgba(204,170,167,0.35); border-radius:0px; '><\/div><div style='height:20px' class='hr hr-invisible   '><span class='hr-inner ' ><span class='hr-inner-style'><\/span><\/span><\/div>\n\n","protected":false},"excerpt":{"rendered":"","protected":false},"author":2,"featured_media":0,"parent":6230,"menu_order":0,"comment_status":"closed","ping_status":"open","template":"","meta":{"footnotes":""},"class_list":["post-6236","page","type-page","status-publish","hentry"],"yoast_head":"<!-- This site is optimized with the Yoast SEO plugin v27.3 - https:\/\/yoast.com\/product\/yoast-seo-wordpress\/ -->\n<title>Story I - Filmgotland.se<\/title>\n<meta name=\"robots\" content=\"index, follow, max-snippet:-1, max-image-preview:large, max-video-preview:-1\" \/>\n<link rel=\"canonical\" href=\"https:\/\/filmgotland.se\/en\/learn\/story-i\/story-i\/\" \/>\n<meta property=\"og:locale\" content=\"en_US\" \/>\n<meta property=\"og:type\" content=\"article\" \/>\n<meta property=\"og:title\" content=\"Story I - Filmgotland.se\" \/>\n<meta property=\"og:url\" content=\"https:\/\/filmgotland.se\/en\/learn\/story-i\/story-i\/\" \/>\n<meta property=\"og:site_name\" content=\"Filmgotland.se\" \/>\n<meta property=\"article:publisher\" content=\"https:\/\/www.facebook.com\/filmgotland\/\" \/>\n<meta name=\"twitter:card\" content=\"summary_large_image\" \/>\n<meta name=\"twitter:label1\" content=\"Est. reading time\" \/>\n\t<meta name=\"twitter:data1\" content=\"13 minutes\" \/>\n<script type=\"application\/ld+json\" class=\"yoast-schema-graph\">{\"@context\":\"https:\\\/\\\/schema.org\",\"@graph\":[{\"@type\":\"WebPage\",\"@id\":\"https:\\\/\\\/filmgotland.se\\\/en\\\/learn\\\/story-i\\\/story-i\\\/\",\"url\":\"https:\\\/\\\/filmgotland.se\\\/en\\\/learn\\\/story-i\\\/story-i\\\/\",\"name\":\"Story I - Filmgotland.se\",\"isPartOf\":{\"@id\":\"https:\\\/\\\/filmgotland.se\\\/#website\"},\"datePublished\":\"2019-12-09T12:24:48+00:00\",\"breadcrumb\":{\"@id\":\"https:\\\/\\\/filmgotland.se\\\/en\\\/learn\\\/story-i\\\/story-i\\\/#breadcrumb\"},\"inLanguage\":\"en-US\",\"potentialAction\":[{\"@type\":\"ReadAction\",\"target\":[\"https:\\\/\\\/filmgotland.se\\\/en\\\/learn\\\/story-i\\\/story-i\\\/\"]}]},{\"@type\":\"BreadcrumbList\",\"@id\":\"https:\\\/\\\/filmgotland.se\\\/en\\\/learn\\\/story-i\\\/story-i\\\/#breadcrumb\",\"itemListElement\":[{\"@type\":\"ListItem\",\"position\":1,\"name\":\"Hem\",\"item\":\"https:\\\/\\\/filmgotland.se\\\/en\\\/film-gotland-intro\\\/\"},{\"@type\":\"ListItem\",\"position\":2,\"name\":\"Learn\",\"item\":\"https:\\\/\\\/filmgotland.se\\\/en\\\/learn\\\/\"},{\"@type\":\"ListItem\",\"position\":3,\"name\":\"Story Academy\",\"item\":\"https:\\\/\\\/filmgotland.se\\\/en\\\/learn\\\/story-i\\\/\"},{\"@type\":\"ListItem\",\"position\":4,\"name\":\"Story I\"}]},{\"@type\":\"WebSite\",\"@id\":\"https:\\\/\\\/filmgotland.se\\\/#website\",\"url\":\"https:\\\/\\\/filmgotland.se\\\/\",\"name\":\"Filmgotland.se\",\"description\":\"\",\"potentialAction\":[{\"@type\":\"SearchAction\",\"target\":{\"@type\":\"EntryPoint\",\"urlTemplate\":\"https:\\\/\\\/filmgotland.se\\\/?s={search_term_string}\"},\"query-input\":{\"@type\":\"PropertyValueSpecification\",\"valueRequired\":true,\"valueName\":\"search_term_string\"}}],\"inLanguage\":\"en-US\"}]}<\/script>\n<!-- \/ Yoast SEO plugin. -->","yoast_head_json":{"title":"Story I - Filmgotland.se","robots":{"index":"index","follow":"follow","max-snippet":"max-snippet:-1","max-image-preview":"max-image-preview:large","max-video-preview":"max-video-preview:-1"},"canonical":"https:\/\/filmgotland.se\/en\/learn\/story-i\/story-i\/","og_locale":"en_US","og_type":"article","og_title":"Story I - Filmgotland.se","og_url":"https:\/\/filmgotland.se\/en\/learn\/story-i\/story-i\/","og_site_name":"Filmgotland.se","article_publisher":"https:\/\/www.facebook.com\/filmgotland\/","twitter_card":"summary_large_image","twitter_misc":{"Est. reading time":"13 minutes"},"schema":{"@context":"https:\/\/schema.org","@graph":[{"@type":"WebPage","@id":"https:\/\/filmgotland.se\/en\/learn\/story-i\/story-i\/","url":"https:\/\/filmgotland.se\/en\/learn\/story-i\/story-i\/","name":"Story I - Filmgotland.se","isPartOf":{"@id":"https:\/\/filmgotland.se\/#website"},"datePublished":"2019-12-09T12:24:48+00:00","breadcrumb":{"@id":"https:\/\/filmgotland.se\/en\/learn\/story-i\/story-i\/#breadcrumb"},"inLanguage":"en-US","potentialAction":[{"@type":"ReadAction","target":["https:\/\/filmgotland.se\/en\/learn\/story-i\/story-i\/"]}]},{"@type":"BreadcrumbList","@id":"https:\/\/filmgotland.se\/en\/learn\/story-i\/story-i\/#breadcrumb","itemListElement":[{"@type":"ListItem","position":1,"name":"Hem","item":"https:\/\/filmgotland.se\/en\/film-gotland-intro\/"},{"@type":"ListItem","position":2,"name":"Learn","item":"https:\/\/filmgotland.se\/en\/learn\/"},{"@type":"ListItem","position":3,"name":"Story Academy","item":"https:\/\/filmgotland.se\/en\/learn\/story-i\/"},{"@type":"ListItem","position":4,"name":"Story I"}]},{"@type":"WebSite","@id":"https:\/\/filmgotland.se\/#website","url":"https:\/\/filmgotland.se\/","name":"Filmgotland.se","description":"","potentialAction":[{"@type":"SearchAction","target":{"@type":"EntryPoint","urlTemplate":"https:\/\/filmgotland.se\/?s={search_term_string}"},"query-input":{"@type":"PropertyValueSpecification","valueRequired":true,"valueName":"search_term_string"}}],"inLanguage":"en-US"}]}},"_links":{"self":[{"href":"https:\/\/filmgotland.se\/en\/wp-json\/wp\/v2\/pages\/6236","targetHints":{"allow":["GET"]}}],"collection":[{"href":"https:\/\/filmgotland.se\/en\/wp-json\/wp\/v2\/pages"}],"about":[{"href":"https:\/\/filmgotland.se\/en\/wp-json\/wp\/v2\/types\/page"}],"author":[{"embeddable":true,"href":"https:\/\/filmgotland.se\/en\/wp-json\/wp\/v2\/users\/2"}],"replies":[{"embeddable":true,"href":"https:\/\/filmgotland.se\/en\/wp-json\/wp\/v2\/comments?post=6236"}],"version-history":[{"count":0,"href":"https:\/\/filmgotland.se\/en\/wp-json\/wp\/v2\/pages\/6236\/revisions"}],"up":[{"embeddable":true,"href":"https:\/\/filmgotland.se\/en\/wp-json\/wp\/v2\/pages\/6230"}],"wp:attachment":[{"href":"https:\/\/filmgotland.se\/en\/wp-json\/wp\/v2\/media?parent=6236"}],"curies":[{"name":"wp","href":"https:\/\/api.w.org\/{rel}","templated":true}]}}