{"id":6248,"date":"2019-12-09T13:30:42","date_gmt":"2019-12-09T12:30:42","guid":{"rendered":"https:\/\/filmgotland.se\/?page_id=6248"},"modified":"2019-12-09T13:30:42","modified_gmt":"2019-12-09T12:30:42","slug":"film-crew-i","status":"publish","type":"page","link":"https:\/\/filmgotland.se\/en\/learn\/film-crew\/film-crew-i\/","title":{"rendered":"Film Crew I"},"content":{"rendered":"<div style='height:1px; margin-top:-45px'  class='hr hr-invisible   '><span class='hr-inner ' ><span class='hr-inner-style'><\/span><\/span><\/div>\n<section class=\"avia_codeblock_section  avia_code_block_0\"  itemscope=\"itemscope\" itemtype=\"https:\/\/schema.org\/CreativeWork\" ><div class='avia_codeblock '  itemprop=\"text\" > [avia_codeblock_placeholder uid=\"0\"] <\/div><\/section>\n<div style='height:50px' class='hr hr-invisible   '><span class='hr-inner ' ><span class='hr-inner-style'><\/span><\/span><\/div>\n<div class=\"flex_column av_one_half  flex_column_div av-zero-column-padding first  \" style='border-radius:0px; '><p><section class=\"av_textblock_section \"  itemscope=\"itemscope\" itemtype=\"https:\/\/schema.org\/CreativeWork\" ><div class='avia_textblock  '   itemprop=\"text\" ><p><em>Unik yrkesutbildning i filmproduktion &amp; filmhantverk som erbjuder deltagande i producerandet av en tv-serie i professionell studiomilj\u00f6. Film Crew &#8211; filmhantverk \u00e4r utbildningen f\u00f6r dig\u00a0som vill f\u00e5 de kunskaper som kr\u00e4vs f\u00f6r ett yrkesliv i filmbranschen.\u00a0<\/em><\/p>\n<div id=\"comp-jc3pk26l\" class=\"txtNew\" data-packed=\"true\"><\/div>\n<\/div><\/section><br \/>\n<section class=\"av_textblock_section \"  itemscope=\"itemscope\" itemtype=\"https:\/\/schema.org\/CreativeWork\" ><div class='avia_textblock  '   itemprop=\"text\" ><p>Filmutbildningarna p\u00e5 Gotlands Folkh\u00f6gskola sker i professionell studiomilj\u00f6 och best\u00e5r av teoretiska studier varvat med praktiskt inspelningsarbete. Utbildningarnas grundstomme \u00e4r dramaturgi. V\u00e5r fokus ligger p\u00e5 att, med dramaturgin som grund, ber\u00e4tta en historia med r\u00f6rliga bilder genom professionell filmhantverk.\u00a0Varje \u00e5r arbetar deltagarna med en skarp produktion och deltar i att producerandet av en dramaserie. V\u00e5ra elever f\u00e5r m\u00f6ta g\u00e4stl\u00e4rare fr\u00e5n svensk och internationell filmbransch. Utbildningen sker i Kustatelj\u00e9ns filmstudio i F\u00e5r\u00f6sund, med 1000m2 studioyta anpassad f\u00f6r professionella filmproduktioner.<\/p>\n<\/div><\/section><\/p><\/div>\n<div class=\"flex_column av_one_half  flex_column_div av-zero-column-padding   \" style='border-radius:0px; '><p><div style='height:25px' class='hr hr-invisible   '><span class='hr-inner ' ><span class='hr-inner-style'><\/span><\/span><\/div><br \/>\n<section class=\"av_textblock_section \"  itemscope=\"itemscope\" itemtype=\"https:\/\/schema.org\/CreativeWork\" ><div class='avia_textblock  '   itemprop=\"text\" ><h3>Kursinformation<\/h3>\n<p>Kurstid: 26 aug 2019 \u2013 4 juni 2020<br \/>\nSista ans\u00f6kningsdag: 30 april<br \/>\nStudietakt: 100%<br \/>\nL\u00e4ngd: 1 \u00e5r<br \/>\nStudiest\u00f6dsniv\u00e5:\u00a0gymnasial (A2)<\/p>\n<\/div><\/section><br \/>\n<div style='height:30px' class='hr hr-invisible   '><span class='hr-inner ' ><span class='hr-inner-style'><\/span><\/span><\/div><br \/>\n<section class=\"av_textblock_section \"  itemscope=\"itemscope\" itemtype=\"https:\/\/schema.org\/CreativeWork\" ><div class='avia_textblock  '   itemprop=\"text\" ><h3>Utbildningen erbjuder:<\/h3>\n<p>&#8211; Yrkesutbildning i filmhantverk i professionell studiomilj\u00f6<br \/>\n&#8211; Deltagande i producerandet av en dramaserie<br \/>\n&#8211; Kunskaper i hur professionella filmteam arbetar<br \/>\n&#8211; G\u00e4stl\u00e4rare och mentorer fr\u00e5n svensk och internationell filmbransch<br \/>\n&#8211; Kunskap\u00a0i svenska och internationella produktionsmetoder<br \/>\n&#8211; Kunskap och erfarenhet av arbete i filmens olika yrkesroller<br \/>\n&#8211; Kunskap om den vanligaste tekniken som anv\u00e4nds i filmbranschen<br \/>\n&#8211; Grundl\u00e4ggande kunskaper i manus och dramaturgi<br \/>\n&#8211; N\u00e4ra samarbete med Story, utbildningar i Manus &amp; dramaturgi<\/p>\n<\/div><\/section><\/p><\/div>\n<div style='height:50px' class='hr hr-invisible   '><span class='hr-inner ' ><span class='hr-inner-style'><\/span><\/span><\/div>\n<\/div><\/div><\/div><!-- close content main div --><\/div><\/div><div id='av_section_1' class='avia-section main_color avia-section-default avia-no-border-styling avia-bg-style-scroll    container_wrap fullsize' style = 'background-color: rgba(0,0,0,0.06); background-image: '  ><div class='container' ><div class='template-page content  av-content-full alpha units'><div class='post-entry post-entry-type-page post-entry-6248'><div class='entry-content-wrapper clearfix'>\n<div style='padding-bottom:10px; color:#004d99;' class='av-special-heading av-special-heading-h2 custom-color-heading blockquote modern-quote modern-centered   '><h2 class='av-special-heading-tag '  itemprop=\"headline\"  >Utbildningar p\u00e5 Film Crew<\/h2><div class='special-heading-border'><div class='special-heading-inner-border' style='border-color:#004d99'><\/div><\/div><\/div>\n<div style='height:1px; margin-top:-20px'  class='hr hr-invisible   '><span class='hr-inner ' ><span class='hr-inner-style'><\/span><\/span><\/div>\n<div style=' margin-top:50; margin-bottom:30px;'  class='hr hr-custom hr-center hr-icon-yes   '><span class='hr-inner   inner-border-av-border-fat' style=' width:550; border-color:#4f4f4f;' ><span class='hr-inner-style'><\/span><\/span><span class='av-seperator-icon'  aria-hidden='true' data-av_icon='\ue809' data-av_iconfont='entypo-fontello'><\/span><span class='hr-inner   inner-border-av-border-fat' style=' width:550; border-color:#4f4f4f;' ><span class='hr-inner-style'><\/span><\/span><\/div>\n<div class=\"flex_column av_one_half  flex_column_div av-zero-column-padding first  \" style='border-radius:0px; '><p><div style='padding-bottom:10px; color:#004d99;' class='av-special-heading av-special-heading-h2 custom-color-heading blockquote modern-quote modern-centered   '><h2 class='av-special-heading-tag '  itemprop=\"headline\"  >FILM CREW I<\/h2><div class ='av-subheading av-subheading_below av_custom_color ' style='font-size:15px;'><p>Grundutbildning i manus &amp; dramaturgi f\u00f6r kommersiell spelfilm och dramaserier<\/p>\n<\/div><div class='special-heading-border'><div class='special-heading-inner-border' style='border-color:#004d99'><\/div><\/div><\/div><br \/>\n<div class='avia-image-container  av-styling-circle     avia-align-center '  itemprop=\"ImageObject\" itemscope=\"itemscope\" itemtype=\"https:\/\/schema.org\/ImageObject\"  ><div class='avia-image-container-inner'><div class='avia-image-overlay-wrap'><a href='https:\/\/filmgotland.se\/lara\/filmcrew\/film-crew-i\/' class='avia_image'  ><img class='avia_image ' src='https:\/\/filmgotland.se\/wp-content\/uploads\/2019\/06\/robin-80x80.gif' alt='' title='robin'  itemprop=\"thumbnailUrl\"  \/><\/a><\/div><\/div><\/div><\/p><\/div><div class=\"flex_column av_one_half  flex_column_div av-zero-column-padding   \" style='border-radius:0px; '><p><div style='padding-bottom:10px; color:#004d99;' class='av-special-heading av-special-heading-h2 custom-color-heading blockquote modern-quote modern-centered   '><h2 class='av-special-heading-tag '  itemprop=\"headline\"  >FILM CREW II<\/h2><div class ='av-subheading av-subheading_below av_custom_color ' style='font-size:15px;'><p>P\u00e5byggnadsutbildning i manus &amp; dramaturgi\u00a0f\u00f6r kommersiell spelfilm och dramaserier<\/p>\n<\/div><div class='special-heading-border'><div class='special-heading-inner-border' style='border-color:#004d99'><\/div><\/div><\/div><br \/>\n<div class='avia-image-container  av-styling-circle     avia-align-center '  itemprop=\"ImageObject\" itemscope=\"itemscope\" itemtype=\"https:\/\/schema.org\/ImageObject\"  ><div class='avia-image-container-inner'><div class='avia-image-overlay-wrap'><a href='https:\/\/filmgotland.se\/lara\/filmcrew\/film-crew-ii\/' class='avia_image'  ><img class='avia_image ' src='https:\/\/filmgotland.se\/wp-content\/uploads\/2019\/06\/emma-80x80.gif' alt='' title='emma'  itemprop=\"thumbnailUrl\"  \/><\/a><\/div><\/div><\/div><\/p><\/div>\n\n","protected":false},"excerpt":{"rendered":"","protected":false},"author":2,"featured_media":0,"parent":6246,"menu_order":0,"comment_status":"closed","ping_status":"open","template":"","meta":{"footnotes":""},"class_list":["post-6248","page","type-page","status-publish","hentry"],"yoast_head":"<!-- This site is optimized with the Yoast SEO plugin v26.3 - https:\/\/yoast.com\/wordpress\/plugins\/seo\/ -->\n<title>Film Crew I - Filmgotland.se<\/title>\n<meta name=\"robots\" content=\"index, follow, max-snippet:-1, max-image-preview:large, max-video-preview:-1\" \/>\n<link rel=\"canonical\" href=\"https:\/\/filmgotland.se\/en\/learn\/film-crew\/film-crew-i\/\" \/>\n<meta property=\"og:locale\" content=\"en_US\" \/>\n<meta property=\"og:type\" content=\"article\" \/>\n<meta property=\"og:title\" content=\"Film Crew I - Filmgotland.se\" \/>\n<meta property=\"og:url\" content=\"https:\/\/filmgotland.se\/en\/learn\/film-crew\/film-crew-i\/\" \/>\n<meta property=\"og:site_name\" content=\"Filmgotland.se\" \/>\n<meta property=\"article:publisher\" content=\"https:\/\/www.facebook.com\/filmgotland\/\" \/>\n<meta name=\"twitter:card\" content=\"summary_large_image\" \/>\n<meta name=\"twitter:label1\" content=\"Est. reading time\" \/>\n\t<meta name=\"twitter:data1\" content=\"8 minutes\" \/>\n<script type=\"application\/ld+json\" class=\"yoast-schema-graph\">{\"@context\":\"https:\/\/schema.org\",\"@graph\":[{\"@type\":\"WebPage\",\"@id\":\"https:\/\/filmgotland.se\/en\/learn\/film-crew\/film-crew-i\/\",\"url\":\"https:\/\/filmgotland.se\/en\/learn\/film-crew\/film-crew-i\/\",\"name\":\"Film Crew I - Filmgotland.se\",\"isPartOf\":{\"@id\":\"https:\/\/filmgotland.se\/#website\"},\"datePublished\":\"2019-12-09T12:30:42+00:00\",\"breadcrumb\":{\"@id\":\"https:\/\/filmgotland.se\/en\/learn\/film-crew\/film-crew-i\/#breadcrumb\"},\"inLanguage\":\"en-US\",\"potentialAction\":[{\"@type\":\"ReadAction\",\"target\":[\"https:\/\/filmgotland.se\/en\/learn\/film-crew\/film-crew-i\/\"]}]},{\"@type\":\"BreadcrumbList\",\"@id\":\"https:\/\/filmgotland.se\/en\/learn\/film-crew\/film-crew-i\/#breadcrumb\",\"itemListElement\":[{\"@type\":\"ListItem\",\"position\":1,\"name\":\"Hem\",\"item\":\"https:\/\/filmgotland.se\/en\/film-gotland-intro\/\"},{\"@type\":\"ListItem\",\"position\":2,\"name\":\"Learn\",\"item\":\"https:\/\/filmgotland.se\/en\/learn\/\"},{\"@type\":\"ListItem\",\"position\":3,\"name\":\"Film Crew\",\"item\":\"https:\/\/filmgotland.se\/en\/learn\/film-crew\/\"},{\"@type\":\"ListItem\",\"position\":4,\"name\":\"Film Crew I\"}]},{\"@type\":\"WebSite\",\"@id\":\"https:\/\/filmgotland.se\/#website\",\"url\":\"https:\/\/filmgotland.se\/\",\"name\":\"Filmgotland.se\",\"description\":\"\",\"potentialAction\":[{\"@type\":\"SearchAction\",\"target\":{\"@type\":\"EntryPoint\",\"urlTemplate\":\"https:\/\/filmgotland.se\/?s={search_term_string}\"},\"query-input\":{\"@type\":\"PropertyValueSpecification\",\"valueRequired\":true,\"valueName\":\"search_term_string\"}}],\"inLanguage\":\"en-US\"}]}<\/script>\n<!-- \/ Yoast SEO plugin. -->","yoast_head_json":{"title":"Film Crew I - Filmgotland.se","robots":{"index":"index","follow":"follow","max-snippet":"max-snippet:-1","max-image-preview":"max-image-preview:large","max-video-preview":"max-video-preview:-1"},"canonical":"https:\/\/filmgotland.se\/en\/learn\/film-crew\/film-crew-i\/","og_locale":"en_US","og_type":"article","og_title":"Film Crew I - Filmgotland.se","og_url":"https:\/\/filmgotland.se\/en\/learn\/film-crew\/film-crew-i\/","og_site_name":"Filmgotland.se","article_publisher":"https:\/\/www.facebook.com\/filmgotland\/","twitter_card":"summary_large_image","twitter_misc":{"Est. reading time":"8 minutes"},"schema":{"@context":"https:\/\/schema.org","@graph":[{"@type":"WebPage","@id":"https:\/\/filmgotland.se\/en\/learn\/film-crew\/film-crew-i\/","url":"https:\/\/filmgotland.se\/en\/learn\/film-crew\/film-crew-i\/","name":"Film Crew I - Filmgotland.se","isPartOf":{"@id":"https:\/\/filmgotland.se\/#website"},"datePublished":"2019-12-09T12:30:42+00:00","breadcrumb":{"@id":"https:\/\/filmgotland.se\/en\/learn\/film-crew\/film-crew-i\/#breadcrumb"},"inLanguage":"en-US","potentialAction":[{"@type":"ReadAction","target":["https:\/\/filmgotland.se\/en\/learn\/film-crew\/film-crew-i\/"]}]},{"@type":"BreadcrumbList","@id":"https:\/\/filmgotland.se\/en\/learn\/film-crew\/film-crew-i\/#breadcrumb","itemListElement":[{"@type":"ListItem","position":1,"name":"Hem","item":"https:\/\/filmgotland.se\/en\/film-gotland-intro\/"},{"@type":"ListItem","position":2,"name":"Learn","item":"https:\/\/filmgotland.se\/en\/learn\/"},{"@type":"ListItem","position":3,"name":"Film Crew","item":"https:\/\/filmgotland.se\/en\/learn\/film-crew\/"},{"@type":"ListItem","position":4,"name":"Film Crew I"}]},{"@type":"WebSite","@id":"https:\/\/filmgotland.se\/#website","url":"https:\/\/filmgotland.se\/","name":"Filmgotland.se","description":"","potentialAction":[{"@type":"SearchAction","target":{"@type":"EntryPoint","urlTemplate":"https:\/\/filmgotland.se\/?s={search_term_string}"},"query-input":{"@type":"PropertyValueSpecification","valueRequired":true,"valueName":"search_term_string"}}],"inLanguage":"en-US"}]}},"_links":{"self":[{"href":"https:\/\/filmgotland.se\/en\/wp-json\/wp\/v2\/pages\/6248","targetHints":{"allow":["GET"]}}],"collection":[{"href":"https:\/\/filmgotland.se\/en\/wp-json\/wp\/v2\/pages"}],"about":[{"href":"https:\/\/filmgotland.se\/en\/wp-json\/wp\/v2\/types\/page"}],"author":[{"embeddable":true,"href":"https:\/\/filmgotland.se\/en\/wp-json\/wp\/v2\/users\/2"}],"replies":[{"embeddable":true,"href":"https:\/\/filmgotland.se\/en\/wp-json\/wp\/v2\/comments?post=6248"}],"version-history":[{"count":1,"href":"https:\/\/filmgotland.se\/en\/wp-json\/wp\/v2\/pages\/6248\/revisions"}],"predecessor-version":[{"id":6249,"href":"https:\/\/filmgotland.se\/en\/wp-json\/wp\/v2\/pages\/6248\/revisions\/6249"}],"up":[{"embeddable":true,"href":"https:\/\/filmgotland.se\/en\/wp-json\/wp\/v2\/pages\/6246"}],"wp:attachment":[{"href":"https:\/\/filmgotland.se\/en\/wp-json\/wp\/v2\/media?parent=6248"}],"curies":[{"name":"wp","href":"https:\/\/api.w.org\/{rel}","templated":true}]}}